{"id":185,"date":"2025-02-15T06:11:50","date_gmt":"2025-02-15T05:11:50","guid":{"rendered":"https:\/\/alejandrogonzalez.de\/?page_id=185"},"modified":"2026-01-12T12:42:43","modified_gmt":"2026-01-12T11:42:43","slug":"agg_escritorio_biografia","status":"publish","type":"page","link":"https:\/\/alejandrogonzalez.de\/en\/agg_escritorio_biografia\/","title":{"rendered":"AGG_ESCRITORIO_BIOGRAFIA"},"content":{"rendered":"<div data-elementor-type=\"wp-page\" data-elementor-id=\"185\" class=\"elementor elementor-185\" data-elementor-settings=\"{&quot;ha_cmc_init_switcher&quot;:&quot;no&quot;}\" data-elementor-post-type=\"page\">\n\t\t\t\t<div class=\"elementor-element elementor-element-4a599de e-con-full e-flex e-con e-parent\" data-id=\"4a599de\" data-element_type=\"container\" data-settings=\"{&quot;_ha_eqh_enable&quot;:false}\">\n\t\t<div class=\"elementor-element elementor-element-2af16a5 e-con-full elementor-hidden-desktop elementor-hidden-tablet e-flex e-con e-child\" data-id=\"2af16a5\" data-element_type=\"container\" data-settings=\"{&quot;background_background&quot;:&quot;classic&quot;,&quot;_ha_eqh_enable&quot;:false}\">\n\t\t<div class=\"elementor-element elementor-element-0c52d6c e-con-full e-flex e-con e-child\" data-id=\"0c52d6c\" data-element_type=\"container\" data-settings=\"{&quot;_ha_eqh_enable&quot;:false}\">\n\t\t<div class=\"elementor-element elementor-element-efa2239 e-con-full e-flex e-con e-child\" data-id=\"efa2239\" data-element_type=\"container\" data-settings=\"{&quot;_ha_eqh_enable&quot;:false}\">\n\t\t\t\t<div class=\"elementor-element elementor-element-578a156 elementor-nav-menu__align-start elementor-nav-menu--stretch elementor-widget-tablet__width-initial elementor-nav-menu--dropdown-tablet elementor-nav-menu__text-align-aside elementor-nav-menu--toggle elementor-nav-menu--burger elementor-widget elementor-widget-nav-menu\" data-id=\"578a156\" data-element_type=\"widget\" data-settings=\"{&quot;layout&quot;:&quot;vertical&quot;,&quot;full_width&quot;:&quot;stretch&quot;,&quot;submenu_icon&quot;:{&quot;value&quot;:&quot;&lt;svg class=\\&quot;e-font-icon-svg e-fas-caret-down\\&quot; viewBox=\\&quot;0 0 320 512\\&quot; xmlns=\\&quot;http:\\\/\\\/www.w3.org\\\/2000\\\/svg\\&quot;&gt;&lt;path d=\\&quot;M31.3 192h257.3c17.8 0 26.7 21.5 14.1 34.1L174.1 354.8c-7.8 7.8-20.5 7.8-28.3 0L17.2 226.1C4.6 213.5 13.5 192 31.3 192z\\&quot;&gt;&lt;\\\/path&gt;&lt;\\\/svg&gt;&quot;,&quot;library&quot;:&quot;fa-solid&quot;},&quot;toggle&quot;:&quot;burger&quot;}\" data-widget_type=\"nav-menu.default\">\n\t\t\t\t<div class=\"elementor-widget-container\">\n\t\t\t\t\t\t\t\t<nav aria-label=\"Menu\" class=\"elementor-nav-menu--main elementor-nav-menu__container elementor-nav-menu--layout-vertical e--pointer-underline e--animation-fade\">\n\t\t\t\t<ul id=\"menu-1-578a156\" class=\"elementor-nav-menu sm-vertical\"><li class=\"menu-item menu-item-type-post_type menu-item-object-page menu-item-262\"><a href=\"https:\/\/alejandrogonzalez.de\/en\/agg_escritorio_biografia\/\" class=\"elementor-item\">BIOGRAPHY<\/a><\/li>\n<li class=\"menu-item menu-item-type-custom menu-item-object-custom menu-item-has-children menu-item-518\"><a href=\"#\" class=\"elementor-item elementor-item-anchor\">GALLERY<\/a>\n<ul class=\"sub-menu elementor-nav-menu--dropdown\">\n\t<li class=\"menu-item menu-item-type-post_type menu-item-object-page menu-item-492\"><a href=\"https:\/\/alejandrogonzalez.de\/en\/imagen\/\" class=\"elementor-sub-item\">Photo<\/a><\/li>\n\t<li class=\"menu-item menu-item-type-post_type menu-item-object-page menu-item-501\"><a href=\"https:\/\/alejandrogonzalez.de\/en\/video\/\" class=\"elementor-sub-item\">Video<\/a><\/li>\n<\/ul>\n<\/li>\n<li class=\"menu-item menu-item-type-post_type menu-item-object-page menu-item-1092\"><a href=\"https:\/\/alejandrogonzalez.de\/en\/konzerte-und-news\/\" class=\"elementor-item\">CONCERTS AND NEWS<\/a><\/li>\n<li class=\"menu-item menu-item-type-post_type menu-item-object-page menu-item-265\"><a href=\"https:\/\/alejandrogonzalez.de\/en\/agg_escritorio_contacto\/\" class=\"elementor-item\">CONTACT<\/a><\/li>\n<li class=\"menu-item menu-item-type-post_type menu-item-object-page menu-item-871\"><a href=\"https:\/\/alejandrogonzalez.de\/en\/impressumes\/\" class=\"elementor-item\">Impressumes<\/a><\/li>\n<\/ul>\t\t\t<\/nav>\n\t\t\t\t\t<div class=\"elementor-menu-toggle\" role=\"button\" tabindex=\"0\" aria-label=\"Menu Toggle\" aria-expanded=\"false\">\n\t\t\t<svg aria-hidden=\"true\" role=\"presentation\" class=\"elementor-menu-toggle__icon--open e-font-icon-svg e-eicon-menu-bar\" viewbox=\"0 0 1000 1000\" xmlns=\"http:\/\/www.w3.org\/2000\/svg\"><path d=\"M104 333H896C929 333 958 304 958 271S929 208 896 208H104C71 208 42 237 42 271S71 333 104 333ZM104 583H896C929 583 958 554 958 521S929 458 896 458H104C71 458 42 487 42 521S71 583 104 583ZM104 833H896C929 833 958 804 958 771S929 708 896 708H104C71 708 42 737 42 771S71 833 104 833Z\"><\/path><\/svg><svg aria-hidden=\"true\" role=\"presentation\" class=\"elementor-menu-toggle__icon--close e-font-icon-svg e-eicon-close\" viewbox=\"0 0 1000 1000\" xmlns=\"http:\/\/www.w3.org\/2000\/svg\"><path d=\"M742 167L500 408 258 167C246 154 233 150 217 150 196 150 179 158 167 167 154 179 150 196 150 212 150 229 154 242 171 254L408 500 167 742C138 771 138 800 167 829 196 858 225 858 254 829L496 587 738 829C750 842 767 846 783 846 800 846 817 842 829 829 842 817 846 804 846 783 846 767 842 750 829 737L588 500 833 258C863 229 863 200 833 171 804 137 775 137 742 167Z\"><\/path><\/svg>\t\t<\/div>\n\t\t\t\t\t<nav class=\"elementor-nav-menu--dropdown elementor-nav-menu__container\" aria-hidden=\"true\">\n\t\t\t\t<ul id=\"menu-2-578a156\" class=\"elementor-nav-menu sm-vertical\"><li class=\"menu-item menu-item-type-post_type menu-item-object-page menu-item-262\"><a href=\"https:\/\/alejandrogonzalez.de\/en\/agg_escritorio_biografia\/\" class=\"elementor-item\" tabindex=\"-1\">BIOGRAPHY<\/a><\/li>\n<li class=\"menu-item menu-item-type-custom menu-item-object-custom menu-item-has-children menu-item-518\"><a href=\"#\" class=\"elementor-item elementor-item-anchor\" tabindex=\"-1\">GALLERY<\/a>\n<ul class=\"sub-menu elementor-nav-menu--dropdown\">\n\t<li class=\"menu-item menu-item-type-post_type menu-item-object-page menu-item-492\"><a href=\"https:\/\/alejandrogonzalez.de\/en\/imagen\/\" class=\"elementor-sub-item\" tabindex=\"-1\">Photo<\/a><\/li>\n\t<li class=\"menu-item menu-item-type-post_type menu-item-object-page menu-item-501\"><a href=\"https:\/\/alejandrogonzalez.de\/en\/video\/\" class=\"elementor-sub-item\" tabindex=\"-1\">Video<\/a><\/li>\n<\/ul>\n<\/li>\n<li class=\"menu-item menu-item-type-post_type menu-item-object-page menu-item-1092\"><a href=\"https:\/\/alejandrogonzalez.de\/en\/konzerte-und-news\/\" class=\"elementor-item\" tabindex=\"-1\">CONCERTS AND NEWS<\/a><\/li>\n<li class=\"menu-item menu-item-type-post_type menu-item-object-page menu-item-265\"><a href=\"https:\/\/alejandrogonzalez.de\/en\/agg_escritorio_contacto\/\" class=\"elementor-item\" tabindex=\"-1\">CONTACT<\/a><\/li>\n<li class=\"menu-item menu-item-type-post_type menu-item-object-page menu-item-871\"><a href=\"https:\/\/alejandrogonzalez.de\/en\/impressumes\/\" class=\"elementor-item\" tabindex=\"-1\">Impressumes<\/a><\/li>\n<\/ul>\t\t\t<\/nav>\n\t\t\t\t\t\t<\/div>\n\t\t\t\t<\/div>\n\t\t\t\t<div class=\"elementor-element elementor-element-6ac31b2 elementor-hidden-laptop elementor-widget elementor-widget-heading\" data-id=\"6ac31b2\" data-element_type=\"widget\" data-widget_type=\"heading.default\">\n\t\t\t\t<div class=\"elementor-widget-container\">\n\t\t\t\t\t<h2 class=\"elementor-heading-title elementor-size-default\">BIOGRAF\u00cdA<\/h2>\t\t\t\t<\/div>\n\t\t\t\t<\/div>\n\t\t\t\t<\/div>\n\t\t<div class=\"elementor-element elementor-element-6c14363 e-con-full e-flex e-con e-child\" data-id=\"6c14363\" data-element_type=\"container\" data-settings=\"{&quot;_ha_eqh_enable&quot;:false}\">\n\t\t\t\t<div class=\"elementor-element elementor-element-883f058 elementor-widget__width-initial elementor-widget-mobile__width-initial elementor-widget elementor-widget-heading\" data-id=\"883f058\" data-element_type=\"widget\" data-widget_type=\"heading.default\">\n\t\t\t\t<div class=\"elementor-widget-container\">\n\t\t\t\t\t<h3 class=\"elementor-heading-title elementor-size-default\"><a href=\"https:\/\/alejandrogonzalez.de\/en\">ALEJANDRO GONZALEZ GERWIG<\/a><\/h3>\t\t\t\t<\/div>\n\t\t\t\t<\/div>\n\t\t\t\t<div class=\"elementor-element elementor-element-fd4e8e3 elementor-widget elementor-widget-text-editor\" data-id=\"fd4e8e3\" data-element_type=\"widget\" data-widget_type=\"text-editor.default\">\n\t\t\t\t<div class=\"elementor-widget-container\">\n\t\t\t\t\t\t\t\t\t<p><span style=\"vertical-align: inherit;\"><span style=\"vertical-align: inherit;\"><span style=\"vertical-align: inherit;\"><span style=\"vertical-align: inherit;\">PIANISTA<\/span><\/span><\/span><\/span><\/p>\t\t\t\t\t\t\t\t<\/div>\n\t\t\t\t<\/div>\n\t\t\t\t<\/div>\n\t\t\t\t<\/div>\n\t\t\t\t<\/div>\n\t\t<div class=\"elementor-element elementor-element-5b04109 e-con-full elementor-hidden-mobile elementor-hidden-laptop e-flex e-con e-child\" data-id=\"5b04109\" data-element_type=\"container\" data-settings=\"{&quot;background_background&quot;:&quot;classic&quot;,&quot;_ha_eqh_enable&quot;:false}\">\n\t\t\t\t<div class=\"elementor-element elementor-element-999d393 elementor-widget__width-initial elementor-widget elementor-widget-heading\" data-id=\"999d393\" data-element_type=\"widget\" data-widget_type=\"heading.default\">\n\t\t\t\t<div class=\"elementor-widget-container\">\n\t\t\t\t\t<h3 class=\"elementor-heading-title elementor-size-default\"><a href=\"https:\/\/alejandrogonzalez.de\/en\">ALEJANDRO GONZALEZ GERWIG<\/a><\/h3>\t\t\t\t<\/div>\n\t\t\t\t<\/div>\n\t\t\t\t<div class=\"elementor-element elementor-element-a3eff0c elementor-widget elementor-widget-text-editor\" data-id=\"a3eff0c\" data-element_type=\"widget\" data-widget_type=\"text-editor.default\">\n\t\t\t\t<div class=\"elementor-widget-container\">\n\t\t\t\t\t\t\t\t\t<p>PIANIST<\/p>\t\t\t\t\t\t\t\t<\/div>\n\t\t\t\t<\/div>\n\t\t\t\t<div class=\"elementor-element elementor-element-6db379e elementor-nav-menu--dropdown-none elementor-widget elementor-widget-nav-menu\" data-id=\"6db379e\" data-element_type=\"widget\" data-settings=\"{&quot;layout&quot;:&quot;vertical&quot;,&quot;submenu_icon&quot;:{&quot;value&quot;:&quot;&lt;svg class=\\&quot;e-font-icon-svg e-fas-caret-down\\&quot; viewBox=\\&quot;0 0 320 512\\&quot; xmlns=\\&quot;http:\\\/\\\/www.w3.org\\\/2000\\\/svg\\&quot;&gt;&lt;path d=\\&quot;M31.3 192h257.3c17.8 0 26.7 21.5 14.1 34.1L174.1 354.8c-7.8 7.8-20.5 7.8-28.3 0L17.2 226.1C4.6 213.5 13.5 192 31.3 192z\\&quot;&gt;&lt;\\\/path&gt;&lt;\\\/svg&gt;&quot;,&quot;library&quot;:&quot;fa-solid&quot;}}\" data-widget_type=\"nav-menu.default\">\n\t\t\t\t<div class=\"elementor-widget-container\">\n\t\t\t\t\t\t\t\t<nav aria-label=\"Menu\" class=\"elementor-nav-menu--main elementor-nav-menu__container elementor-nav-menu--layout-vertical e--pointer-underline e--animation-fade\">\n\t\t\t\t<ul id=\"menu-1-6db379e\" class=\"elementor-nav-menu sm-vertical\"><li class=\"menu-item menu-item-type-post_type menu-item-object-page menu-item-262\"><a href=\"https:\/\/alejandrogonzalez.de\/en\/agg_escritorio_biografia\/\" class=\"elementor-item\">BIOGRAPHY<\/a><\/li>\n<li class=\"menu-item menu-item-type-custom menu-item-object-custom menu-item-has-children menu-item-518\"><a href=\"#\" class=\"elementor-item elementor-item-anchor\">GALLERY<\/a>\n<ul class=\"sub-menu elementor-nav-menu--dropdown\">\n\t<li class=\"menu-item menu-item-type-post_type menu-item-object-page menu-item-492\"><a href=\"https:\/\/alejandrogonzalez.de\/en\/imagen\/\" class=\"elementor-sub-item\">Photo<\/a><\/li>\n\t<li class=\"menu-item menu-item-type-post_type menu-item-object-page menu-item-501\"><a href=\"https:\/\/alejandrogonzalez.de\/en\/video\/\" class=\"elementor-sub-item\">Video<\/a><\/li>\n<\/ul>\n<\/li>\n<li class=\"menu-item menu-item-type-post_type menu-item-object-page menu-item-1092\"><a href=\"https:\/\/alejandrogonzalez.de\/en\/konzerte-und-news\/\" class=\"elementor-item\">CONCERTS AND NEWS<\/a><\/li>\n<li class=\"menu-item menu-item-type-post_type menu-item-object-page menu-item-265\"><a href=\"https:\/\/alejandrogonzalez.de\/en\/agg_escritorio_contacto\/\" class=\"elementor-item\">CONTACT<\/a><\/li>\n<li class=\"menu-item menu-item-type-post_type menu-item-object-page menu-item-871\"><a href=\"https:\/\/alejandrogonzalez.de\/en\/impressumes\/\" class=\"elementor-item\">Impressumes<\/a><\/li>\n<\/ul>\t\t\t<\/nav>\n\t\t\t\t\t\t<nav class=\"elementor-nav-menu--dropdown elementor-nav-menu__container\" aria-hidden=\"true\">\n\t\t\t\t<ul id=\"menu-2-6db379e\" class=\"elementor-nav-menu sm-vertical\"><li class=\"menu-item menu-item-type-post_type menu-item-object-page menu-item-262\"><a href=\"https:\/\/alejandrogonzalez.de\/en\/agg_escritorio_biografia\/\" class=\"elementor-item\" tabindex=\"-1\">BIOGRAPHY<\/a><\/li>\n<li class=\"menu-item menu-item-type-custom menu-item-object-custom menu-item-has-children menu-item-518\"><a href=\"#\" class=\"elementor-item elementor-item-anchor\" tabindex=\"-1\">GALLERY<\/a>\n<ul class=\"sub-menu elementor-nav-menu--dropdown\">\n\t<li class=\"menu-item menu-item-type-post_type menu-item-object-page menu-item-492\"><a href=\"https:\/\/alejandrogonzalez.de\/en\/imagen\/\" class=\"elementor-sub-item\" tabindex=\"-1\">Photo<\/a><\/li>\n\t<li class=\"menu-item menu-item-type-post_type menu-item-object-page menu-item-501\"><a href=\"https:\/\/alejandrogonzalez.de\/en\/video\/\" class=\"elementor-sub-item\" tabindex=\"-1\">Video<\/a><\/li>\n<\/ul>\n<\/li>\n<li class=\"menu-item menu-item-type-post_type menu-item-object-page menu-item-1092\"><a href=\"https:\/\/alejandrogonzalez.de\/en\/konzerte-und-news\/\" class=\"elementor-item\" tabindex=\"-1\">CONCERTS AND NEWS<\/a><\/li>\n<li class=\"menu-item menu-item-type-post_type menu-item-object-page menu-item-265\"><a href=\"https:\/\/alejandrogonzalez.de\/en\/agg_escritorio_contacto\/\" class=\"elementor-item\" tabindex=\"-1\">CONTACT<\/a><\/li>\n<li class=\"menu-item menu-item-type-post_type menu-item-object-page menu-item-871\"><a href=\"https:\/\/alejandrogonzalez.de\/en\/impressumes\/\" class=\"elementor-item\" tabindex=\"-1\">Impressumes<\/a><\/li>\n<\/ul>\t\t\t<\/nav>\n\t\t\t\t\t\t<\/div>\n\t\t\t\t<\/div>\n\t\t\t\t<\/div>\n\t\t<div class=\"elementor-element elementor-element-d7e1867 e-con-full e-flex e-con e-child\" data-id=\"d7e1867\" data-element_type=\"container\" data-settings=\"{&quot;background_background&quot;:&quot;classic&quot;,&quot;_ha_eqh_enable&quot;:false}\">\n\t\t<div class=\"elementor-element elementor-element-2aef734 e-con-full e-flex e-con e-child\" data-id=\"2aef734\" data-element_type=\"container\" data-settings=\"{&quot;background_background&quot;:&quot;classic&quot;,&quot;_ha_eqh_enable&quot;:false}\">\n\t\t\t\t<div class=\"elementor-element elementor-element-df9b64b elementor-widget-tablet__width-inherit elementor-widget elementor-widget-text-editor\" data-id=\"df9b64b\" data-element_type=\"widget\" data-widget_type=\"text-editor.default\">\n\t\t\t\t<div class=\"elementor-widget-container\">\n\t\t\t\t\t\t\t\t\t<p style=\"font-weight: 400;\">17 year old pianist Alejandro Gonz\u00e1lez Gerwig is considered one of the most promising German pianists of his generation. Born into a family of musicians on May 7 2007 in Salzburg Austria he took his first piano lessons at the age of three with his parents Christine Gerwig and Efra\u00edn Gonz\u00e1lez, both concert pianists.<\/p><p style=\"font-weight: 400;\">Soon after, he started winning competitions, as there are Henle competition, Steinway Hamburg, Bechstein Berlin, young pianists competitions in Essen, N\u00fcrnberg, Munich etc. At the age of 8 he gave his debut in the famous Laeiszhalle in Hamburg, winning the first prize in Steinway competition.<\/p><p style=\"font-weight: 400;\">Alejandro studiert seit seinem 16. Lebensjahr an der hfmt K\u00f6ln den Bachelor of Arts Klavier zun\u00e4chst in der Klasse von Prof. Gesa L\u00fccker, seit 2025 bei Prof. Fabian M\u00fcller. Er ist zudem weiter Sch\u00fcler von Fabio Bidini.<\/p><p style=\"font-weight: 400;\">In the same year he entered Precollege Cologne with Prof. Fabio Bidini (now head of piano department at Colburn school, Los Angeles) and has studied with him ever since.<\/p><p style=\"font-weight: 400;\">He is 1st prize winner of the Bechstein competition 2022, Westf\u00e4lischer Klavierwettbewerb Van-Bremen Dortmund 2023, the National German Youth competition \u201eJugend musiziert\u201c 2023 and the Beethoven Bonnensis competition and the prize for the best interpretation of a work by Beethoven 2021.<\/p><p style=\"font-weight: 400;\">Er ist Stipendiat der Deutschen Stiftung Musikleben und wird unter anderem durch das Carl-Heinz-Illies Stipendium gef\u00f6rdert. Zudem ist er Stipendiat der Werner Richard \u2013 Carl D\u00f6rken Stiftung, wird durch Live music now e.V. gef\u00f6rdert und erhielt 2024 das PROMOS Stipendium des DAAD.<\/p><p>Alejandro nahm an Meisterkursen bei Pascal Rog\u00e9 (Talent Akademie Brescia, \u00c9t\u00e9 musical Nizza), Leif Ove Ansdnes, Zlata Chochieva und Havard Gimse an der Prof. Jiri Hlinka Piano Academy in Bergen,Fabio Bidini, \u00a0Jerome Rose und Dina Parakhina (Festival internacional de piano M\u00e1laga) teil. Alejandro arbeitete zudem mit Alexandre Tharaud, Alexandre Kantorow, Julien Libeer, Marcel Baudet, Anthony Spiri, Polina Leschenko, Aleksandar Mazdar, Jorge Federico Osorio und Enrique B\u00e1tiz.<\/p><p style=\"font-weight: 400;\">The Hochschule in Cologne awarded him the scholarship PROMOS for his participation in a masterclass in Brescia with the worldwide known famous French pianist Pascal Rog\u00e9 in July 2024.<\/p><p style=\"font-weight: 400;\">He is a student of Prof. Fabian M\u00fcller. He has worked with Jerome Rose, Alexandre Tharaud, Alexandre Kantorow, Fran\u00e7ois-Xavier Roth, Jorge Federico Osorio, Polina Leschenko, Aleksandar Mazdar, Dina Parakhina, Herbert Schuch, Dirk Kaftan and Enrique Batiz.<\/p><p style=\"font-weight: 400;\">Als Solist trat er u.a. im Beethovenhaus Bonn, in der K\u00f6lner Philharmonie, der Philharmonie Essen, der Laeiszhalle Hamburg, im Konzertsaal der Hfmt K\u00f6ln, im Konzerthaus Aarhus, im Muziekgebouw und in der Reihe &#8222;young virtuosi&#8220; in Amsterdam, in der Salvatorkirche Aachen, im Kulturstall Schloss Britz Berlin, im Teatro Degollado in Guadalajara, im Cecut Tijuana sowie in M\u00fcnchen, Hamburg, Jena, Zwickau, Nizza, Bergen, M\u00e1laga und Brescia auf.<\/p><p style=\"font-weight: 400;\">Alejandro was the youngest musician performing in the Gala for Beethoven's 250th anniversary in Bonn, the concert was broadcasted in television and radio and listened to several millions times.<\/p><p style=\"font-weight: 400;\">Im Duo Violine und Klavier, sowie Viola und Klavier spielen Valeria und Alejandro Konzerte und erzielten Preise im Bundeswettbewerb Jugend musiziert.<\/p><p style=\"font-weight: 400;\">Alejandro trat mehrfach im Fernsehen auf, unter Anderem mit Thomas Gottschalk in der Sendung \u201eLittle Big Stars\u201c, wurde vom WDR in der Lokalzeit portr\u00e4tiert und im mexikanischen und lateinamerikanischen Fernsehen interviewt. Ein Interview und Portr\u00e4t in der Deutschen Welle 2021 erregte international viel Aufmerksamkeit.<\/p>\t\t\t\t\t\t\t\t<\/div>\n\t\t\t\t<\/div>\n\t\t\t\t<\/div>\n\t\t\t\t<div class=\"elementor-element elementor-element-0b93049 elementor-widget elementor-widget-html\" data-id=\"0b93049\" data-element_type=\"widget\" data-widget_type=\"html.default\">\n\t\t\t\t<div class=\"elementor-widget-container\">\n\t\t\t\t\t<html>\n    <style>\n        .more-text {\n    display: none;\n}\n.read-more-btn {\n    cursor: pointer;\n    color: blue;\n    text-decoration: underline;\n}\n\n    <\/style>\n    <body><\/body>\n    <script>\n        jQuery(document).ready(function($) {\n    $(\".read-more-btn\").click(function(e) {\n        e.preventDefault();\n        $(this).prev(\".more-text\").slideToggle();\n        $(this).text($(this).text() == \"Read More\" ? \"Read Less\" : \"Read More\");\n    });\n});\n\n    <\/script>\n<\/html>\t\t\t\t<\/div>\n\t\t\t\t<\/div>\n\t\t<div class=\"elementor-element elementor-element-3b9e455 e-con-full elementor-hidden-tablet elementor-hidden-mobile e-flex e-con e-child\" data-id=\"3b9e455\" data-element_type=\"container\" data-settings=\"{&quot;_ha_eqh_enable&quot;:false}\">\n\t\t\t\t<\/div>\n\t\t<div class=\"elementor-element elementor-element-3f92dcb e-con-full elementor-hidden-mobile e-flex e-con e-child\" data-id=\"3f92dcb\" data-element_type=\"container\" data-settings=\"{&quot;_ha_eqh_enable&quot;:false}\">\n\t\t\t\t<\/div>\n\t\t\t\t<\/div>\n\t\t\t\t<\/div>\n\t\t<div class=\"elementor-element elementor-element-d55a275 e-flex e-con-boxed e-con e-parent\" data-id=\"d55a275\" data-element_type=\"container\" data-settings=\"{&quot;_ha_eqh_enable&quot;:false}\">\n\t\t\t\t\t<div class=\"e-con-inner\">\n\t\t\t\t<div class=\"elementor-element elementor-element-7227438 elementor-widget elementor-widget-text-editor\" data-id=\"7227438\" data-element_type=\"widget\" data-widget_type=\"text-editor.default\">\n\t\t\t\t<div class=\"elementor-widget-container\">\n\t\t\t\t\t\t\t\t\t<p>Lorem ipsum dolor sit amet, consectetur adipiscing elit. Ut elit tellus, luctus nec ullamcorper mattis, pulvinar dapibus leo.<\/p>\t\t\t\t\t\t\t\t<\/div>\n\t\t\t\t<\/div>\n\t\t\t\t\t<\/div>\n\t\t\t\t<\/div>\n\t\t\t\t<\/div>","protected":false},"excerpt":{"rendered":"<p>BIOGRAF\u00cdA ALEJANDRO GONZALEZ GERWIG PIANISTA ALEJANDRO GONZALEZ GERWIG PIANIST Alejandro Gonz\u00e1lez Gerwig wurde am 7.5.2007 in Salzburg geboren und begann mit drei Jahren mit dem Klavierspiel bei seinen Eltern Christine [&hellip;]<\/p>\n","protected":false},"author":2,"featured_media":0,"parent":0,"menu_order":0,"comment_status":"closed","ping_status":"closed","template":"elementor_canvas","meta":{"footnotes":""},"class_list":["post-185","page","type-page","status-publish","hentry"],"_links":{"self":[{"href":"https:\/\/alejandrogonzalez.de\/en\/wp-json\/wp\/v2\/pages\/185","targetHints":{"allow":["GET"]}}],"collection":[{"href":"https:\/\/alejandrogonzalez.de\/en\/wp-json\/wp\/v2\/pages"}],"about":[{"href":"https:\/\/alejandrogonzalez.de\/en\/wp-json\/wp\/v2\/types\/page"}],"author":[{"embeddable":true,"href":"https:\/\/alejandrogonzalez.de\/en\/wp-json\/wp\/v2\/users\/2"}],"replies":[{"embeddable":true,"href":"https:\/\/alejandrogonzalez.de\/en\/wp-json\/wp\/v2\/comments?post=185"}],"version-history":[{"count":139,"href":"https:\/\/alejandrogonzalez.de\/en\/wp-json\/wp\/v2\/pages\/185\/revisions"}],"predecessor-version":[{"id":958,"href":"https:\/\/alejandrogonzalez.de\/en\/wp-json\/wp\/v2\/pages\/185\/revisions\/958"}],"wp:attachment":[{"href":"https:\/\/alejandrogonzalez.de\/en\/wp-json\/wp\/v2\/media?parent=185"}],"curies":[{"name":"wp","href":"https:\/\/api.w.org\/{rel}","templated":true}]}}